{"id":800,"date":"2021-01-30T20:16:23","date_gmt":"2021-01-30T19:16:23","guid":{"rendered":"http:\/\/valinor.eu\/domains\/valinor.eu\/?page_id=800"},"modified":"2021-02-08T20:33:35","modified_gmt":"2021-02-08T19:33:35","slug":"dodavky-a-servis-pikto","status":"publish","type":"page","link":"https:\/\/valinor.eu\/?page_id=800","title":{"rendered":"dod\u00e1vky a servis pikto"},"content":{"rendered":"\t\t<div data-elementor-type=\"wp-page\" data-elementor-id=\"800\" class=\"elementor elementor-800\" data-elementor-settings=\"[]\">\n\t\t\t\t\t\t<div class=\"elementor-inner\">\n\t\t\t\t\t\t\t<div class=\"elementor-section-wrap\">\n\t\t\t\t\t\t\t<section class=\"elementor-section elementor-top-section elementor-element elementor-element-2d34fa13 elementor-section-full_width elementor-section-height-min-height elementor-section-items-stretch elementor-section-height-default\" data-id=\"2d34fa13\" data-element_type=\"section\" data-settings=\"{&quot;background_background&quot;:&quot;classic&quot;,&quot;background_motion_fx_motion_fx_mouse&quot;:&quot;yes&quot;,&quot;background_motion_fx_mouseTrack_effect&quot;:&quot;yes&quot;,&quot;sticky&quot;:&quot;top&quot;,&quot;background_motion_fx_mouseTrack_speed&quot;:{&quot;unit&quot;:&quot;px&quot;,&quot;size&quot;:1,&quot;sizes&quot;:[]},&quot;sticky_on&quot;:[&quot;desktop&quot;,&quot;tablet&quot;,&quot;mobile&quot;],&quot;sticky_offset&quot;:0,&quot;sticky_effects_offset&quot;:0}\">\n\t\t\t\t\t\t<div class=\"elementor-container elementor-column-gap-wider\">\n\t\t\t\t\t\t\t<div class=\"elementor-row\">\n\t\t\t\t\t<div class=\"elementor-column elementor-col-50 elementor-top-column elementor-element elementor-element-1c8d7f9e elementor-hidden-phone\" data-id=\"1c8d7f9e\" data-element_type=\"column\">\n\t\t\t<div class=\"elementor-column-wrap elementor-element-populated\">\n\t\t\t\t\t\t\t<div class=\"elementor-widget-wrap\">\n\t\t\t\t\t\t<div class=\"elementor-element elementor-element-4e05155f elementor-widget elementor-widget-image\" data-id=\"4e05155f\" data-element_type=\"widget\" data-widget_type=\"image.default\">\n\t\t\t\t<div class=\"elementor-widget-container\">\n\t\t\t\t\t<div class=\"elementor-image\">\n\t\t\t\t\t\t\t\t\t\t\t<a href=\"http:\/\/valinor.eu\/domains\/valinor.eu\/\">\n\t\t\t\t\t\t\t<img loading=\"lazy\" decoding=\"async\" width=\"300\" height=\"63\" src=\"https:\/\/valinor.eu\/wp-content\/uploads\/2021\/01\/elfo_valinor_hlavicka-300x63.png\" class=\"attachment-medium size-medium\" alt=\"\" srcset=\"https:\/\/valinor.eu\/wp-content\/uploads\/2021\/01\/elfo_valinor_hlavicka-300x63.png 300w, https:\/\/valinor.eu\/wp-content\/uploads\/2021\/01\/elfo_valinor_hlavicka-1024x215.png 1024w, https:\/\/valinor.eu\/wp-content\/uploads\/2021\/01\/elfo_valinor_hlavicka-768x161.png 768w, https:\/\/valinor.eu\/wp-content\/uploads\/2021\/01\/elfo_valinor_hlavicka.png 1178w\" sizes=\"auto, (max-width: 300px) 100vw, 300px\" \/>\t\t\t\t\t\t\t\t<\/a>\n\t\t\t\t\t\t\t\t\t\t\t<\/div>\n\t\t\t\t<\/div>\n\t\t\t\t<\/div>\n\t\t\t\t\t\t<\/div>\n\t\t\t\t\t<\/div>\n\t\t<\/div>\n\t\t\t\t<div class=\"elementor-column elementor-col-50 elementor-top-column elementor-element elementor-element-709f369a\" data-id=\"709f369a\" data-element_type=\"column\">\n\t\t\t<div class=\"elementor-column-wrap elementor-element-populated\">\n\t\t\t\t\t\t\t<div class=\"elementor-widget-wrap\">\n\t\t\t\t\t\t<div class=\"elementor-element elementor-element-202e2575 elementor-nav-menu__align-right elementor-nav-menu--indicator-angle elementor-nav-menu--dropdown-tablet elementor-nav-menu__text-align-aside elementor-nav-menu--toggle elementor-nav-menu--burger elementor-widget elementor-widget-global elementor-global-879 elementor-widget-nav-menu\" data-id=\"202e2575\" data-element_type=\"widget\" data-settings=\"{&quot;sticky&quot;:&quot;top&quot;,&quot;layout&quot;:&quot;horizontal&quot;,&quot;toggle&quot;:&quot;burger&quot;,&quot;sticky_on&quot;:[&quot;desktop&quot;,&quot;tablet&quot;,&quot;mobile&quot;],&quot;sticky_offset&quot;:0,&quot;sticky_effects_offset&quot;:0}\" data-widget_type=\"nav-menu.default\">\n\t\t\t\t<div class=\"elementor-widget-container\">\n\t\t\t\t\t\t<nav role=\"navigation\" class=\"elementor-nav-menu--main elementor-nav-menu__container elementor-nav-menu--layout-horizontal e--pointer-underline e--animation-fade\"><ul id=\"menu-1-202e2575\" class=\"elementor-nav-menu\"><li class=\"menu-item menu-item-type-post_type menu-item-object-page menu-item-home menu-item-476\"><a href=\"https:\/\/valinor.eu\/\" class=\"elementor-item\">Home<\/a><\/li>\n<li class=\"menu-item menu-item-type-post_type menu-item-object-page menu-item-958\"><a href=\"https:\/\/valinor.eu\/?page_id=951\" class=\"elementor-item\">O n\u00e1s<\/a><\/li>\n<li class=\"menu-item menu-item-type-post_type menu-item-object-page menu-item-has-children menu-item-691\"><a href=\"https:\/\/valinor.eu\/?page_id=689\" class=\"elementor-item\">Sortiment vyrobk\u016f<\/a>\n<ul class=\"sub-menu elementor-nav-menu--dropdown\">\n\t<li class=\"menu-item menu-item-type-post_type menu-item-object-page menu-item-477\"><a href=\"https:\/\/valinor.eu\/?page_id=456\" class=\"elementor-sub-item\">Dezinfek\u010dn\u00ed p\u0159\u00edpravky pro profesion\u00e1ln\u00ed pou\u017eit\u00ed\u200b<\/a><\/li>\n\t<li class=\"menu-item menu-item-type-post_type menu-item-object-page menu-item-608\"><a href=\"https:\/\/valinor.eu\/?page_id=602\" class=\"elementor-sub-item\">Sortiment opera\u010dn\u00edho kryt\u00ed\u200b<\/a><\/li>\n\t<li class=\"menu-item menu-item-type-post_type menu-item-object-page menu-item-664\"><a href=\"https:\/\/valinor.eu\/?page_id=650\" class=\"elementor-sub-item\">P\u0159\u00edpravky pro profesion\u00e1ln\u00ed \u00faklid a hygienu<\/a><\/li>\n\t<li class=\"menu-item menu-item-type-post_type menu-item-object-page menu-item-667\"><a href=\"https:\/\/valinor.eu\/?page_id=665\" class=\"elementor-sub-item\">P\u0159\u00edpravky pro stravovac\u00ed a pr\u00e1delensk\u00e9 provozy<\/a><\/li>\n\t<li class=\"menu-item menu-item-type-post_type menu-item-object-page menu-item-716\"><a href=\"https:\/\/valinor.eu\/?page_id=714\" class=\"elementor-sub-item\">Aplik\u00e1tory a d\u00e1vkova\u010de p\u0159\u00edpravk\u016f<\/a><\/li>\n\t<li class=\"menu-item menu-item-type-post_type menu-item-object-page menu-item-679\"><a href=\"https:\/\/valinor.eu\/?page_id=676\" class=\"elementor-sub-item\">Manipula\u010dn\u00ed pom\u016fcky a \u00faklidov\u00e9 stroje<\/a><\/li>\n<\/ul>\n<\/li>\n<li class=\"menu-item menu-item-type-post_type menu-item-object-page menu-item-747\"><a href=\"https:\/\/valinor.eu\/?page_id=745\" class=\"elementor-item\">Sortiment slu\u017eeb<\/a><\/li>\n<li class=\"menu-item menu-item-type-post_type menu-item-object-page menu-item-768\"><a href=\"https:\/\/valinor.eu\/?page_id=766\" class=\"elementor-item\">Katalogy<\/a><\/li>\n<li class=\"menu-item menu-item-type-custom menu-item-object-custom menu-item-843\"><a href=\"http:\/\/valinor.eu\/domains\/valinor.eu\/#kontakt\" class=\"elementor-item elementor-item-anchor\">Kontakt<\/a><\/li>\n<\/ul><\/nav>\n\t\t\t\t\t<div class=\"elementor-menu-toggle\" role=\"button\" tabindex=\"0\" aria-label=\"Menu Toggle\" aria-expanded=\"false\">\n\t\t\t<i class=\"eicon-menu-bar\" aria-hidden=\"true\"><\/i>\n\t\t\t<span class=\"elementor-screen-only\">Menu<\/span>\n\t\t<\/div>\n\t\t\t<nav class=\"elementor-nav-menu--dropdown elementor-nav-menu__container\" role=\"navigation\" aria-hidden=\"true\"><ul id=\"menu-2-202e2575\" class=\"elementor-nav-menu\"><li class=\"menu-item menu-item-type-post_type menu-item-object-page menu-item-home menu-item-476\"><a href=\"https:\/\/valinor.eu\/\" class=\"elementor-item\">Home<\/a><\/li>\n<li class=\"menu-item menu-item-type-post_type menu-item-object-page menu-item-958\"><a href=\"https:\/\/valinor.eu\/?page_id=951\" class=\"elementor-item\">O n\u00e1s<\/a><\/li>\n<li class=\"menu-item menu-item-type-post_type menu-item-object-page menu-item-has-children menu-item-691\"><a href=\"https:\/\/valinor.eu\/?page_id=689\" class=\"elementor-item\">Sortiment vyrobk\u016f<\/a>\n<ul class=\"sub-menu elementor-nav-menu--dropdown\">\n\t<li class=\"menu-item menu-item-type-post_type menu-item-object-page menu-item-477\"><a href=\"https:\/\/valinor.eu\/?page_id=456\" class=\"elementor-sub-item\">Dezinfek\u010dn\u00ed p\u0159\u00edpravky pro profesion\u00e1ln\u00ed pou\u017eit\u00ed\u200b<\/a><\/li>\n\t<li class=\"menu-item menu-item-type-post_type menu-item-object-page menu-item-608\"><a href=\"https:\/\/valinor.eu\/?page_id=602\" class=\"elementor-sub-item\">Sortiment opera\u010dn\u00edho kryt\u00ed\u200b<\/a><\/li>\n\t<li class=\"menu-item menu-item-type-post_type menu-item-object-page menu-item-664\"><a href=\"https:\/\/valinor.eu\/?page_id=650\" class=\"elementor-sub-item\">P\u0159\u00edpravky pro profesion\u00e1ln\u00ed \u00faklid a hygienu<\/a><\/li>\n\t<li class=\"menu-item menu-item-type-post_type menu-item-object-page menu-item-667\"><a href=\"https:\/\/valinor.eu\/?page_id=665\" class=\"elementor-sub-item\">P\u0159\u00edpravky pro stravovac\u00ed a pr\u00e1delensk\u00e9 provozy<\/a><\/li>\n\t<li class=\"menu-item menu-item-type-post_type menu-item-object-page menu-item-716\"><a href=\"https:\/\/valinor.eu\/?page_id=714\" class=\"elementor-sub-item\">Aplik\u00e1tory a d\u00e1vkova\u010de p\u0159\u00edpravk\u016f<\/a><\/li>\n\t<li class=\"menu-item menu-item-type-post_type menu-item-object-page menu-item-679\"><a href=\"https:\/\/valinor.eu\/?page_id=676\" class=\"elementor-sub-item\">Manipula\u010dn\u00ed pom\u016fcky a \u00faklidov\u00e9 stroje<\/a><\/li>\n<\/ul>\n<\/li>\n<li class=\"menu-item menu-item-type-post_type menu-item-object-page menu-item-747\"><a href=\"https:\/\/valinor.eu\/?page_id=745\" class=\"elementor-item\">Sortiment slu\u017eeb<\/a><\/li>\n<li class=\"menu-item menu-item-type-post_type menu-item-object-page menu-item-768\"><a href=\"https:\/\/valinor.eu\/?page_id=766\" class=\"elementor-item\">Katalogy<\/a><\/li>\n<li class=\"menu-item menu-item-type-custom menu-item-object-custom menu-item-843\"><a href=\"http:\/\/valinor.eu\/domains\/valinor.eu\/#kontakt\" class=\"elementor-item elementor-item-anchor\">Kontakt<\/a><\/li>\n<\/ul><\/nav>\n\t\t\t\t<\/div>\n\t\t\t\t<\/div>\n\t\t\t\t\t\t<\/div>\n\t\t\t\t\t<\/div>\n\t\t<\/div>\n\t\t\t\t\t\t\t\t<\/div>\n\t\t\t\t\t<\/div>\n\t\t<\/section>\n\t\t\t\t<section class=\"elementor-section elementor-top-section elementor-element elementor-element-4201f352 elementor-section-height-min-height elementor-section-boxed elementor-section-height-default elementor-section-items-middle\" data-id=\"4201f352\" data-element_type=\"section\" data-settings=\"{&quot;background_background&quot;:&quot;classic&quot;}\">\n\t\t\t\t\t\t\t<div class=\"elementor-background-overlay\"><\/div>\n\t\t\t\t\t\t\t<div class=\"elementor-container elementor-column-gap-default\">\n\t\t\t\t\t\t\t<div class=\"elementor-row\">\n\t\t\t\t\t<div class=\"elementor-column elementor-col-100 elementor-top-column elementor-element elementor-element-39ac3c9d\" data-id=\"39ac3c9d\" data-element_type=\"column\">\n\t\t\t<div class=\"elementor-column-wrap elementor-element-populated\">\n\t\t\t\t\t\t\t<div class=\"elementor-widget-wrap\">\n\t\t\t\t\t\t<div class=\"elementor-element elementor-element-6f87ab7c elementor-widget elementor-widget-heading\" data-id=\"6f87ab7c\" data-element_type=\"widget\" data-widget_type=\"heading.default\">\n\t\t\t\t<div class=\"elementor-widget-container\">\n\t\t\t<h2 class=\"elementor-heading-title elementor-size-default\">Dod\u00e1vky a servis<\/h2>\t\t<\/div>\n\t\t\t\t<\/div>\n\t\t\t\t\t\t<\/div>\n\t\t\t\t\t<\/div>\n\t\t<\/div>\n\t\t\t\t\t\t\t\t<\/div>\n\t\t\t\t\t<\/div>\n\t\t<\/section>\n\t\t\t\t<section class=\"elementor-section elementor-top-section elementor-element elementor-element-21a715e9 elementor-section-boxed elementor-section-height-default elementor-section-height-default\" data-id=\"21a715e9\" data-element_type=\"section\">\n\t\t\t\t\t\t<div class=\"elementor-container elementor-column-gap-default\">\n\t\t\t\t\t\t\t<div class=\"elementor-row\">\n\t\t\t\t\t<div class=\"elementor-column elementor-col-100 elementor-top-column elementor-element elementor-element-165478c6\" data-id=\"165478c6\" data-element_type=\"column\">\n\t\t\t<div class=\"elementor-column-wrap elementor-element-populated\">\n\t\t\t\t\t\t\t<div class=\"elementor-widget-wrap\">\n\t\t\t\t\t\t<div class=\"elementor-element elementor-element-88c27b6 elementor-widget elementor-widget-text-editor\" data-id=\"88c27b6\" data-element_type=\"widget\" data-widget_type=\"text-editor.default\">\n\t\t\t\t<div class=\"elementor-widget-container\">\n\t\t\t\t\t<div class=\"elementor-text-editor elementor-clearfix\"><h4>Elfo<\/h4><p><strong>Spole\u010dnost Elfo dod\u00e1v\u00e1 p\u0159edev\u0161\u00edm dezinfek\u010dn\u00ed a zdravotnick\u00e9 prost\u0159edky a ostatn\u00ed sortiment p\u0159\u00edpravk\u016f pro \u201eopera\u010dn\u00ed kryt\u00ed\u201c, \u201e\u010dist\u00e9 prostory\u201c a dal\u0161\u00ed profesion\u00e1ln\u00ed aplikace.<\/strong><\/p><p>V profesion\u00e1ln\u00ed hygien\u011b m\u00e1me d\u00e1le k dispozici p\u0159\u00edpravky pro \u010di\u0161t\u011bn\u00ed a \u00faklid zdravotnick\u00fdch a \u00a0\u00a0 ostatn\u00edch za\u0159\u00edzen\u00ed, hygienu a dezinfekci ve stravovac\u00edch a pr\u00e1delensk\u00fdch provozech spole\u010dn\u011b s p\u0159\u00edpravky pro hygienu a dezinfekci v ubytovac\u00edch za\u0159\u00edzen\u00edch.<\/p><p>Je pro n\u00e1s samoz\u0159ejmost\u00ed vybavit uveden\u00e9 produkty p\u0159\u00edslu\u0161nou dokumentac\u00ed a v souladu se souvisej\u00edc\u00edmi pr\u00e1vn\u00edmi p\u0159edpisy splnit kvalitativn\u00ed parametry v r\u00e1mci\u00a0 syst\u00e9mu sledov\u00e1n\u00ed kvality.<\/p><h4>\u00a0<\/h4><h4>Valinor<\/h4><p><strong>Spole\u010dnost Valinor dod\u00e1v\u00e1 p\u0159edev\u0161\u00edm d\u00e1vkovac\u00ed a z\u00e1sobn\u00edkov\u00e1 za\u0159\u00edzen\u00ed \u2013\u00a0 pom\u016fcky pro aplikace dezinfek\u010dn\u00edch, \u010dist\u00edc\u00edch a hygienick\u00fdch produkt\u016f.<\/strong><\/p><p>V problematice p\u0159\u00edpravy pracovn\u00edch roztok\u016f (dezinfek\u010dn\u00ed a \u010dist\u00edc\u00ed chemie) se zam\u011b\u0159ujeme na sm\u011b\u0161ovac\u00ed za\u0159\u00edzen\u00ed firmy Knight, tak i na i dal\u0161\u00ed obdobn\u00e9 produkty renomovan\u00fdch firem.<\/p><p>D\u00e1le dod\u00e1v\u00e1me z\u00e1sobn\u00edky pro r\u016fzn\u00e9 typy a \u00farovn\u011b hygienick\u00fdch program\u016f od zdravotnick\u00fdch p\u0159es stravovac\u00ed a pr\u016fmyslov\u00e9 a\u017e po hotelov\u00e9 provozy. Tyto sestavy kompletujeme podle p\u0159\u00e1n\u00ed a pot\u0159eb pracovi\u0161t\u011b jak v klasick\u00fdch, tak i v n\u00e1ro\u010dn\u011bj\u0161\u00edch designech a kvalit\u011b.<\/p><p>Dod\u00e1v\u00e1me \u00faklidov\u00e9 stroje a pom\u016fcky v\u010detn\u011b v\u0161ech podp\u016frn\u00fdch technologick\u00fdch syst\u00e9m\u016f pro zaji\u0161t\u011bn\u00ed profesion\u00e1ln\u00edho \u00faklidu a dezinfekce pracovi\u0161\u0165.<\/p><p>Dod\u00e1vky spot\u0159ebn\u00edho materi\u00e1lu jsou zam\u011b\u0159eny p\u0159edev\u0161\u00edm na n\u00e1pln\u011b do v\u00fd\u0161e uveden\u00fdch syst\u00e9m\u016f. Na p\u0159\u00e1n\u00ed z\u00e1kazn\u00edka jsme schopni vytvo\u0159it, dodat a zajistit spot\u0159ebn\u00edm materi\u00e1lem jak\u00fdkoli dezinfek\u010dn\u00ed nebo hygienick\u00fd syst\u00e9m pomoc\u00ed komponent\u016f a p\u0159\u00edpravk\u016f schv\u00e1len\u00fdch nebo akceptovan\u00fdch v \u010cR.<\/p><p><strong>Spole\u010dnost Valinor prov\u00e1d\u00ed instalace a pravideln\u00fd i jednor\u00e1zov\u00fd servis<\/strong> ve\u0161ker\u00fdch dod\u00e1van\u00fdch za\u0159\u00edzen\u00ed, zejm\u00e9na d\u00e1vkova\u010d\u016f dezinfek\u010dn\u00ed a \u010dist\u00edc\u00ed chemie.<\/p><\/div>\n\t\t\t\t<\/div>\n\t\t\t\t<\/div>\n\t\t\t\t\t\t<\/div>\n\t\t\t\t\t<\/div>\n\t\t<\/div>\n\t\t\t\t\t\t\t\t<\/div>\n\t\t\t\t\t<\/div>\n\t\t<\/section>\n\t\t\t\t<section class=\"elementor-section elementor-top-section elementor-element elementor-element-22949b5a elementor-section-height-min-height elementor-section-boxed elementor-section-height-default elementor-section-items-middle\" data-id=\"22949b5a\" data-element_type=\"section\" data-settings=\"{&quot;background_background&quot;:&quot;slideshow&quot;,&quot;background_slideshow_gallery&quot;:[{&quot;id&quot;:296,&quot;url&quot;:&quot;http:\\\/\\\/valinor.eu\\\/domains\\\/valinor.eu\\\/wp-content\\\/uploads\\\/2021\\\/01\\\/paticka.jpg&quot;}],&quot;background_slideshow_loop&quot;:&quot;yes&quot;,&quot;background_slideshow_slide_duration&quot;:5000,&quot;background_slideshow_slide_transition&quot;:&quot;fade&quot;,&quot;background_slideshow_transition_duration&quot;:500}\">\n\t\t\t\t\t\t\t<div class=\"elementor-background-overlay\"><\/div>\n\t\t\t\t\t\t\t<div class=\"elementor-container elementor-column-gap-default\">\n\t\t\t\t\t\t\t<div class=\"elementor-row\">\n\t\t\t\t\t<div class=\"elementor-column elementor-col-100 elementor-top-column elementor-element elementor-element-5403c3ad\" data-id=\"5403c3ad\" data-element_type=\"column\">\n\t\t\t<div class=\"elementor-column-wrap elementor-element-populated\">\n\t\t\t\t\t\t\t<div class=\"elementor-widget-wrap\">\n\t\t\t\t\t\t<div class=\"elementor-element elementor-element-357e83d6 elementor-widget elementor-widget-heading\" data-id=\"357e83d6\" data-element_type=\"widget\" data-widget_type=\"heading.default\">\n\t\t\t\t<div class=\"elementor-widget-container\">\n\t\t\t<h2 class=\"elementor-heading-title elementor-size-default\">MENU<\/h2>\t\t<\/div>\n\t\t\t\t<\/div>\n\t\t\t\t<div class=\"elementor-element elementor-element-6eada27c elementor-nav-menu--indicator-classic elementor-nav-menu__text-align-aside elementor-widget elementor-widget-nav-menu\" data-id=\"6eada27c\" data-element_type=\"widget\" data-settings=\"{&quot;layout&quot;:&quot;dropdown&quot;}\" data-widget_type=\"nav-menu.default\">\n\t\t\t\t<div class=\"elementor-widget-container\">\n\t\t\t\t\t<div class=\"elementor-menu-toggle\" role=\"button\" tabindex=\"0\" aria-label=\"Menu Toggle\" aria-expanded=\"false\">\n\t\t\t<i class=\"eicon-menu-bar\" aria-hidden=\"true\"><\/i>\n\t\t\t<span class=\"elementor-screen-only\">Menu<\/span>\n\t\t<\/div>\n\t\t\t<nav class=\"elementor-nav-menu--dropdown elementor-nav-menu__container\" role=\"navigation\" aria-hidden=\"true\"><ul id=\"menu-2-6eada27c\" class=\"elementor-nav-menu\"><li class=\"menu-item menu-item-type-post_type menu-item-object-page menu-item-home menu-item-476\"><a href=\"https:\/\/valinor.eu\/\" class=\"elementor-item\">Home<\/a><\/li>\n<li class=\"menu-item menu-item-type-post_type menu-item-object-page menu-item-958\"><a href=\"https:\/\/valinor.eu\/?page_id=951\" class=\"elementor-item\">O n\u00e1s<\/a><\/li>\n<li class=\"menu-item menu-item-type-post_type menu-item-object-page menu-item-has-children menu-item-691\"><a href=\"https:\/\/valinor.eu\/?page_id=689\" class=\"elementor-item\">Sortiment vyrobk\u016f<\/a>\n<ul class=\"sub-menu elementor-nav-menu--dropdown\">\n\t<li class=\"menu-item menu-item-type-post_type menu-item-object-page menu-item-477\"><a href=\"https:\/\/valinor.eu\/?page_id=456\" class=\"elementor-sub-item\">Dezinfek\u010dn\u00ed p\u0159\u00edpravky pro profesion\u00e1ln\u00ed pou\u017eit\u00ed\u200b<\/a><\/li>\n\t<li class=\"menu-item menu-item-type-post_type menu-item-object-page menu-item-608\"><a href=\"https:\/\/valinor.eu\/?page_id=602\" class=\"elementor-sub-item\">Sortiment opera\u010dn\u00edho kryt\u00ed\u200b<\/a><\/li>\n\t<li class=\"menu-item menu-item-type-post_type menu-item-object-page menu-item-664\"><a href=\"https:\/\/valinor.eu\/?page_id=650\" class=\"elementor-sub-item\">P\u0159\u00edpravky pro profesion\u00e1ln\u00ed \u00faklid a hygienu<\/a><\/li>\n\t<li class=\"menu-item menu-item-type-post_type menu-item-object-page menu-item-667\"><a href=\"https:\/\/valinor.eu\/?page_id=665\" class=\"elementor-sub-item\">P\u0159\u00edpravky pro stravovac\u00ed a pr\u00e1delensk\u00e9 provozy<\/a><\/li>\n\t<li class=\"menu-item menu-item-type-post_type menu-item-object-page menu-item-716\"><a href=\"https:\/\/valinor.eu\/?page_id=714\" class=\"elementor-sub-item\">Aplik\u00e1tory a d\u00e1vkova\u010de p\u0159\u00edpravk\u016f<\/a><\/li>\n\t<li class=\"menu-item menu-item-type-post_type menu-item-object-page menu-item-679\"><a href=\"https:\/\/valinor.eu\/?page_id=676\" class=\"elementor-sub-item\">Manipula\u010dn\u00ed pom\u016fcky a \u00faklidov\u00e9 stroje<\/a><\/li>\n<\/ul>\n<\/li>\n<li class=\"menu-item menu-item-type-post_type menu-item-object-page menu-item-747\"><a href=\"https:\/\/valinor.eu\/?page_id=745\" class=\"elementor-item\">Sortiment slu\u017eeb<\/a><\/li>\n<li class=\"menu-item menu-item-type-post_type menu-item-object-page menu-item-768\"><a href=\"https:\/\/valinor.eu\/?page_id=766\" class=\"elementor-item\">Katalogy<\/a><\/li>\n<li class=\"menu-item menu-item-type-custom menu-item-object-custom menu-item-843\"><a href=\"http:\/\/valinor.eu\/domains\/valinor.eu\/#kontakt\" class=\"elementor-item elementor-item-anchor\">Kontakt<\/a><\/li>\n<\/ul><\/nav>\n\t\t\t\t<\/div>\n\t\t\t\t<\/div>\n\t\t\t\t<div class=\"elementor-element elementor-element-41c3b55d elementor-widget elementor-widget-heading\" data-id=\"41c3b55d\" data-element_type=\"widget\" data-widget_type=\"heading.default\">\n\t\t\t\t<div class=\"elementor-widget-container\">\n\t\t\t<h2 class=\"elementor-heading-title elementor-size-default\">Copyright \u00a9 2021 Valinor, v.o.s. \/ Elfo, s.r.o.<\/h2>\t\t<\/div>\n\t\t\t\t<\/div>\n\t\t\t\t\t\t<\/div>\n\t\t\t\t\t<\/div>\n\t\t<\/div>\n\t\t\t\t\t\t\t\t<\/div>\n\t\t\t\t\t<\/div>\n\t\t<\/section>\n\t\t\t\t\t\t<\/div>\n\t\t\t\t\t\t<\/div>\n\t\t\t\t\t<\/div>\n\t\t","protected":false},"excerpt":{"rendered":"<p>Dod\u00e1vky a servis Elfo Spole\u010dnost Elfo dod\u00e1v\u00e1 p\u0159edev\u0161\u00edm dezinfek\u010dn\u00ed a zdravotnick\u00e9 prost\u0159edky a ostatn\u00ed sortiment p\u0159\u00edpravk\u016f pro \u201eopera\u010dn\u00ed kryt\u00ed\u201c, \u201e\u010dist\u00e9 prostory\u201c a dal\u0161\u00ed profesion\u00e1ln\u00ed aplikace. V profesion\u00e1ln\u00ed hygien\u011b m\u00e1me d\u00e1le k dispozici p\u0159\u00edpravky pro \u010di\u0161t\u011bn\u00ed a \u00faklid zdravotnick\u00fdch a \u00a0\u00a0 ostatn\u00edch za\u0159\u00edzen\u00ed, hygienu a dezinfekci ve stravovac\u00edch a pr\u00e1delensk\u00fdch provozech spole\u010dn\u011b s p\u0159\u00edpravky pro hygienu [&hellip;]<\/p>\n","protected":false},"author":1,"featured_media":0,"parent":0,"menu_order":0,"comment_status":"closed","ping_status":"closed","template":"","meta":{"footnotes":""},"class_list":["post-800","page","type-page","status-publish","hentry"],"_links":{"self":[{"href":"https:\/\/valinor.eu\/index.php?rest_route=\/wp\/v2\/pages\/800","targetHints":{"allow":["GET"]}}],"collection":[{"href":"https:\/\/valinor.eu\/index.php?rest_route=\/wp\/v2\/pages"}],"about":[{"href":"https:\/\/valinor.eu\/index.php?rest_route=\/wp\/v2\/types\/page"}],"author":[{"embeddable":true,"href":"https:\/\/valinor.eu\/index.php?rest_route=\/wp\/v2\/users\/1"}],"replies":[{"embeddable":true,"href":"https:\/\/valinor.eu\/index.php?rest_route=%2Fwp%2Fv2%2Fcomments&post=800"}],"version-history":[{"count":20,"href":"https:\/\/valinor.eu\/index.php?rest_route=\/wp\/v2\/pages\/800\/revisions"}],"predecessor-version":[{"id":1262,"href":"https:\/\/valinor.eu\/index.php?rest_route=\/wp\/v2\/pages\/800\/revisions\/1262"}],"wp:attachment":[{"href":"https:\/\/valinor.eu\/index.php?rest_route=%2Fwp%2Fv2%2Fmedia&parent=800"}],"curies":[{"name":"wp","href":"https:\/\/api.w.org\/{rel}","templated":true}]}}