{"id":676,"date":"2021-01-30T17:29:21","date_gmt":"2021-01-30T16:29:21","guid":{"rendered":"http:\/\/valinor.eu\/domains\/valinor.eu\/?page_id=676"},"modified":"2021-02-08T20:34:09","modified_gmt":"2021-02-08T19:34:09","slug":"manipulacni_pomucky","status":"publish","type":"page","link":"https:\/\/valinor.eu\/?page_id=676","title":{"rendered":"Manipula\u010dn\u00ed pom\u016fcky a \u00faklidov\u00e9 stroje"},"content":{"rendered":"\t\t<div data-elementor-type=\"wp-page\" data-elementor-id=\"676\" class=\"elementor elementor-676\" data-elementor-settings=\"[]\">\n\t\t\t\t\t\t<div class=\"elementor-inner\">\n\t\t\t\t\t\t\t<div class=\"elementor-section-wrap\">\n\t\t\t\t\t\t\t<section class=\"elementor-section elementor-top-section elementor-element elementor-element-4e6e3ff3 elementor-section-full_width elementor-section-height-min-height elementor-section-items-stretch elementor-section-height-default\" data-id=\"4e6e3ff3\" data-element_type=\"section\" data-settings=\"{&quot;background_background&quot;:&quot;classic&quot;,&quot;background_motion_fx_motion_fx_mouse&quot;:&quot;yes&quot;,&quot;background_motion_fx_mouseTrack_effect&quot;:&quot;yes&quot;,&quot;sticky&quot;:&quot;top&quot;,&quot;background_motion_fx_mouseTrack_speed&quot;:{&quot;unit&quot;:&quot;px&quot;,&quot;size&quot;:1,&quot;sizes&quot;:[]},&quot;sticky_on&quot;:[&quot;desktop&quot;,&quot;tablet&quot;,&quot;mobile&quot;],&quot;sticky_offset&quot;:0,&quot;sticky_effects_offset&quot;:0}\">\n\t\t\t\t\t\t<div class=\"elementor-container elementor-column-gap-wider\">\n\t\t\t\t\t\t\t<div class=\"elementor-row\">\n\t\t\t\t\t<div class=\"elementor-column elementor-col-50 elementor-top-column elementor-element elementor-element-6506223a elementor-hidden-phone\" data-id=\"6506223a\" data-element_type=\"column\">\n\t\t\t<div class=\"elementor-column-wrap elementor-element-populated\">\n\t\t\t\t\t\t\t<div class=\"elementor-widget-wrap\">\n\t\t\t\t\t\t<div class=\"elementor-element elementor-element-514ce0e7 elementor-widget elementor-widget-image\" data-id=\"514ce0e7\" data-element_type=\"widget\" data-widget_type=\"image.default\">\n\t\t\t\t<div class=\"elementor-widget-container\">\n\t\t\t\t\t<div class=\"elementor-image\">\n\t\t\t\t\t\t\t\t\t\t\t<a href=\"http:\/\/valinor.eu\/domains\/valinor.eu\/\">\n\t\t\t\t\t\t\t<img loading=\"lazy\" decoding=\"async\" width=\"300\" height=\"63\" src=\"https:\/\/valinor.eu\/wp-content\/uploads\/2021\/01\/elfo_valinor_hlavicka-300x63.png\" class=\"attachment-medium size-medium\" alt=\"\" srcset=\"https:\/\/valinor.eu\/wp-content\/uploads\/2021\/01\/elfo_valinor_hlavicka-300x63.png 300w, https:\/\/valinor.eu\/wp-content\/uploads\/2021\/01\/elfo_valinor_hlavicka-1024x215.png 1024w, https:\/\/valinor.eu\/wp-content\/uploads\/2021\/01\/elfo_valinor_hlavicka-768x161.png 768w, https:\/\/valinor.eu\/wp-content\/uploads\/2021\/01\/elfo_valinor_hlavicka.png 1178w\" sizes=\"auto, (max-width: 300px) 100vw, 300px\" \/>\t\t\t\t\t\t\t\t<\/a>\n\t\t\t\t\t\t\t\t\t\t\t<\/div>\n\t\t\t\t<\/div>\n\t\t\t\t<\/div>\n\t\t\t\t\t\t<\/div>\n\t\t\t\t\t<\/div>\n\t\t<\/div>\n\t\t\t\t<div class=\"elementor-column elementor-col-50 elementor-top-column elementor-element elementor-element-14e96d7d\" data-id=\"14e96d7d\" data-element_type=\"column\">\n\t\t\t<div class=\"elementor-column-wrap elementor-element-populated\">\n\t\t\t\t\t\t\t<div class=\"elementor-widget-wrap\">\n\t\t\t\t\t\t<div class=\"elementor-element elementor-element-177ad82 elementor-nav-menu__align-right elementor-nav-menu--indicator-angle elementor-nav-menu--dropdown-tablet elementor-nav-menu__text-align-aside elementor-nav-menu--toggle elementor-nav-menu--burger elementor-widget elementor-widget-global elementor-global-879 elementor-widget-nav-menu\" data-id=\"177ad82\" data-element_type=\"widget\" data-settings=\"{&quot;sticky&quot;:&quot;top&quot;,&quot;layout&quot;:&quot;horizontal&quot;,&quot;toggle&quot;:&quot;burger&quot;,&quot;sticky_on&quot;:[&quot;desktop&quot;,&quot;tablet&quot;,&quot;mobile&quot;],&quot;sticky_offset&quot;:0,&quot;sticky_effects_offset&quot;:0}\" data-widget_type=\"nav-menu.default\">\n\t\t\t\t<div class=\"elementor-widget-container\">\n\t\t\t\t\t\t<nav role=\"navigation\" class=\"elementor-nav-menu--main elementor-nav-menu__container elementor-nav-menu--layout-horizontal e--pointer-underline e--animation-fade\"><ul id=\"menu-1-177ad82\" class=\"elementor-nav-menu\"><li class=\"menu-item menu-item-type-post_type menu-item-object-page menu-item-home menu-item-476\"><a href=\"https:\/\/valinor.eu\/\" class=\"elementor-item\">Home<\/a><\/li>\n<li class=\"menu-item menu-item-type-post_type menu-item-object-page menu-item-958\"><a href=\"https:\/\/valinor.eu\/?page_id=951\" class=\"elementor-item\">O n\u00e1s<\/a><\/li>\n<li class=\"menu-item menu-item-type-post_type menu-item-object-page menu-item-has-children menu-item-691\"><a href=\"https:\/\/valinor.eu\/?page_id=689\" class=\"elementor-item\">Sortiment vyrobk\u016f<\/a>\n<ul class=\"sub-menu elementor-nav-menu--dropdown\">\n\t<li class=\"menu-item menu-item-type-post_type menu-item-object-page menu-item-477\"><a href=\"https:\/\/valinor.eu\/?page_id=456\" class=\"elementor-sub-item\">Dezinfek\u010dn\u00ed p\u0159\u00edpravky pro profesion\u00e1ln\u00ed pou\u017eit\u00ed\u200b<\/a><\/li>\n\t<li class=\"menu-item menu-item-type-post_type menu-item-object-page menu-item-608\"><a href=\"https:\/\/valinor.eu\/?page_id=602\" class=\"elementor-sub-item\">Sortiment opera\u010dn\u00edho kryt\u00ed\u200b<\/a><\/li>\n\t<li class=\"menu-item menu-item-type-post_type menu-item-object-page menu-item-664\"><a href=\"https:\/\/valinor.eu\/?page_id=650\" class=\"elementor-sub-item\">P\u0159\u00edpravky pro profesion\u00e1ln\u00ed \u00faklid a hygienu<\/a><\/li>\n\t<li class=\"menu-item menu-item-type-post_type menu-item-object-page menu-item-667\"><a href=\"https:\/\/valinor.eu\/?page_id=665\" class=\"elementor-sub-item\">P\u0159\u00edpravky pro stravovac\u00ed a pr\u00e1delensk\u00e9 provozy<\/a><\/li>\n\t<li class=\"menu-item menu-item-type-post_type menu-item-object-page menu-item-716\"><a href=\"https:\/\/valinor.eu\/?page_id=714\" class=\"elementor-sub-item\">Aplik\u00e1tory a d\u00e1vkova\u010de p\u0159\u00edpravk\u016f<\/a><\/li>\n\t<li class=\"menu-item menu-item-type-post_type menu-item-object-page menu-item-679\"><a href=\"https:\/\/valinor.eu\/?page_id=676\" class=\"elementor-sub-item\">Manipula\u010dn\u00ed pom\u016fcky a \u00faklidov\u00e9 stroje<\/a><\/li>\n<\/ul>\n<\/li>\n<li class=\"menu-item menu-item-type-post_type menu-item-object-page menu-item-747\"><a href=\"https:\/\/valinor.eu\/?page_id=745\" class=\"elementor-item\">Sortiment slu\u017eeb<\/a><\/li>\n<li class=\"menu-item menu-item-type-post_type menu-item-object-page menu-item-768\"><a href=\"https:\/\/valinor.eu\/?page_id=766\" class=\"elementor-item\">Katalogy<\/a><\/li>\n<li class=\"menu-item menu-item-type-custom menu-item-object-custom menu-item-843\"><a href=\"http:\/\/valinor.eu\/domains\/valinor.eu\/#kontakt\" class=\"elementor-item elementor-item-anchor\">Kontakt<\/a><\/li>\n<\/ul><\/nav>\n\t\t\t\t\t<div class=\"elementor-menu-toggle\" role=\"button\" tabindex=\"0\" aria-label=\"Menu Toggle\" aria-expanded=\"false\">\n\t\t\t<i class=\"eicon-menu-bar\" aria-hidden=\"true\"><\/i>\n\t\t\t<span class=\"elementor-screen-only\">Menu<\/span>\n\t\t<\/div>\n\t\t\t<nav class=\"elementor-nav-menu--dropdown elementor-nav-menu__container\" role=\"navigation\" aria-hidden=\"true\"><ul id=\"menu-2-177ad82\" class=\"elementor-nav-menu\"><li class=\"menu-item menu-item-type-post_type menu-item-object-page menu-item-home menu-item-476\"><a href=\"https:\/\/valinor.eu\/\" class=\"elementor-item\">Home<\/a><\/li>\n<li class=\"menu-item menu-item-type-post_type menu-item-object-page menu-item-958\"><a href=\"https:\/\/valinor.eu\/?page_id=951\" class=\"elementor-item\">O n\u00e1s<\/a><\/li>\n<li class=\"menu-item menu-item-type-post_type menu-item-object-page menu-item-has-children menu-item-691\"><a href=\"https:\/\/valinor.eu\/?page_id=689\" class=\"elementor-item\">Sortiment vyrobk\u016f<\/a>\n<ul class=\"sub-menu elementor-nav-menu--dropdown\">\n\t<li class=\"menu-item menu-item-type-post_type menu-item-object-page menu-item-477\"><a href=\"https:\/\/valinor.eu\/?page_id=456\" class=\"elementor-sub-item\">Dezinfek\u010dn\u00ed p\u0159\u00edpravky pro profesion\u00e1ln\u00ed pou\u017eit\u00ed\u200b<\/a><\/li>\n\t<li class=\"menu-item menu-item-type-post_type menu-item-object-page menu-item-608\"><a href=\"https:\/\/valinor.eu\/?page_id=602\" class=\"elementor-sub-item\">Sortiment opera\u010dn\u00edho kryt\u00ed\u200b<\/a><\/li>\n\t<li class=\"menu-item menu-item-type-post_type menu-item-object-page menu-item-664\"><a href=\"https:\/\/valinor.eu\/?page_id=650\" class=\"elementor-sub-item\">P\u0159\u00edpravky pro profesion\u00e1ln\u00ed \u00faklid a hygienu<\/a><\/li>\n\t<li class=\"menu-item menu-item-type-post_type menu-item-object-page menu-item-667\"><a href=\"https:\/\/valinor.eu\/?page_id=665\" class=\"elementor-sub-item\">P\u0159\u00edpravky pro stravovac\u00ed a pr\u00e1delensk\u00e9 provozy<\/a><\/li>\n\t<li class=\"menu-item menu-item-type-post_type menu-item-object-page menu-item-716\"><a href=\"https:\/\/valinor.eu\/?page_id=714\" class=\"elementor-sub-item\">Aplik\u00e1tory a d\u00e1vkova\u010de p\u0159\u00edpravk\u016f<\/a><\/li>\n\t<li class=\"menu-item menu-item-type-post_type menu-item-object-page menu-item-679\"><a href=\"https:\/\/valinor.eu\/?page_id=676\" class=\"elementor-sub-item\">Manipula\u010dn\u00ed pom\u016fcky a \u00faklidov\u00e9 stroje<\/a><\/li>\n<\/ul>\n<\/li>\n<li class=\"menu-item menu-item-type-post_type menu-item-object-page menu-item-747\"><a href=\"https:\/\/valinor.eu\/?page_id=745\" class=\"elementor-item\">Sortiment slu\u017eeb<\/a><\/li>\n<li class=\"menu-item menu-item-type-post_type menu-item-object-page menu-item-768\"><a href=\"https:\/\/valinor.eu\/?page_id=766\" class=\"elementor-item\">Katalogy<\/a><\/li>\n<li class=\"menu-item menu-item-type-custom menu-item-object-custom menu-item-843\"><a href=\"http:\/\/valinor.eu\/domains\/valinor.eu\/#kontakt\" class=\"elementor-item elementor-item-anchor\">Kontakt<\/a><\/li>\n<\/ul><\/nav>\n\t\t\t\t<\/div>\n\t\t\t\t<\/div>\n\t\t\t\t\t\t<\/div>\n\t\t\t\t\t<\/div>\n\t\t<\/div>\n\t\t\t\t\t\t\t\t<\/div>\n\t\t\t\t\t<\/div>\n\t\t<\/section>\n\t\t\t\t<section class=\"elementor-section elementor-top-section elementor-element elementor-element-4a942027 elementor-section-height-min-height elementor-section-boxed elementor-section-height-default elementor-section-items-middle\" data-id=\"4a942027\" data-element_type=\"section\" data-settings=\"{&quot;background_background&quot;:&quot;slideshow&quot;,&quot;background_slideshow_gallery&quot;:[{&quot;id&quot;:684,&quot;url&quot;:&quot;http:\\\/\\\/valinor.eu\\\/domains\\\/valinor.eu\\\/wp-content\\\/uploads\\\/2021\\\/01\\\/manipulacni_pomucky_uklid_stroje.jpg&quot;}],&quot;background_slideshow_loop&quot;:&quot;yes&quot;,&quot;background_slideshow_slide_duration&quot;:5000,&quot;background_slideshow_slide_transition&quot;:&quot;fade&quot;,&quot;background_slideshow_transition_duration&quot;:500}\">\n\t\t\t\t\t\t\t<div class=\"elementor-background-overlay\"><\/div>\n\t\t\t\t\t\t\t<div class=\"elementor-container elementor-column-gap-default\">\n\t\t\t\t\t\t\t<div class=\"elementor-row\">\n\t\t\t\t\t<div class=\"elementor-column elementor-col-100 elementor-top-column elementor-element elementor-element-cd9014a\" data-id=\"cd9014a\" data-element_type=\"column\">\n\t\t\t<div class=\"elementor-column-wrap elementor-element-populated\">\n\t\t\t\t\t\t\t<div class=\"elementor-widget-wrap\">\n\t\t\t\t\t\t<div class=\"elementor-element elementor-element-5c14b289 elementor-widget elementor-widget-heading\" data-id=\"5c14b289\" data-element_type=\"widget\" data-widget_type=\"heading.default\">\n\t\t\t\t<div class=\"elementor-widget-container\">\n\t\t\t<h2 class=\"elementor-heading-title elementor-size-default\">Manipula\u010dn\u00ed pom\u016fcky a \u00faklidov\u00e9 stroje<\/h2>\t\t<\/div>\n\t\t\t\t<\/div>\n\t\t\t\t\t\t<\/div>\n\t\t\t\t\t<\/div>\n\t\t<\/div>\n\t\t\t\t\t\t\t\t<\/div>\n\t\t\t\t\t<\/div>\n\t\t<\/section>\n\t\t\t\t<section class=\"elementor-section elementor-top-section elementor-element elementor-element-2fb08d30 elementor-section-boxed elementor-section-height-default elementor-section-height-default\" data-id=\"2fb08d30\" data-element_type=\"section\">\n\t\t\t\t\t\t<div class=\"elementor-container elementor-column-gap-default\">\n\t\t\t\t\t\t\t<div class=\"elementor-row\">\n\t\t\t\t\t<div class=\"elementor-column elementor-col-100 elementor-top-column elementor-element elementor-element-39d5f2b1\" data-id=\"39d5f2b1\" data-element_type=\"column\">\n\t\t\t<div class=\"elementor-column-wrap elementor-element-populated\">\n\t\t\t\t\t\t\t<div class=\"elementor-widget-wrap\">\n\t\t\t\t\t\t<div class=\"elementor-element elementor-element-1f3b182e elementor-widget elementor-widget-text-editor\" data-id=\"1f3b182e\" data-element_type=\"widget\" data-widget_type=\"text-editor.default\">\n\t\t\t\t<div class=\"elementor-widget-container\">\n\t\t\t\t\t<div class=\"elementor-text-editor elementor-clearfix\"><p>Pro profesion\u00e1ln\u00ed dezinfekci a \u00faklid m\u00e1me k dispozici \u0159adu \u00faklidov\u00fdch voz\u00edk\u016f, manipula\u010dn\u00edch pom\u016fcek a sofistikovan\u00e9 \u00faklidov\u00e9 syst\u00e9my.<\/p><p>Mopov\u00fd syst\u00e9m Healthcare firmy Ecolab je velice zda\u0159il\u00fdm produktem a m\u00e1me jej ve standardn\u00ed nab\u00eddce.<\/p><p>Pro dopln\u011bn\u00ed sortimentu spolupracujeme s dodavatelem \u00faklidov\u00fdch stroj\u016f, kter\u00fd n\u00e1m umo\u017e\u0148uje zajistit komplexn\u00ed dod\u00e1vky, podle po\u017eadavk\u016f z\u00e1kazn\u00edka, v\u010detn\u011b z\u00e1ru\u010dn\u00edho a n\u00e1sledn\u00e9ho servisu.<\/p><\/div>\n\t\t\t\t<\/div>\n\t\t\t\t<\/div>\n\t\t\t\t\t\t<\/div>\n\t\t\t\t\t<\/div>\n\t\t<\/div>\n\t\t\t\t\t\t\t\t<\/div>\n\t\t\t\t\t<\/div>\n\t\t<\/section>\n\t\t\t\t<section class=\"elementor-section elementor-top-section elementor-element elementor-element-33b6d84a elementor-section-height-min-height elementor-section-boxed elementor-section-height-default elementor-section-items-middle\" data-id=\"33b6d84a\" data-element_type=\"section\" data-settings=\"{&quot;background_background&quot;:&quot;slideshow&quot;,&quot;background_slideshow_gallery&quot;:[{&quot;id&quot;:296,&quot;url&quot;:&quot;http:\\\/\\\/valinor.eu\\\/domains\\\/valinor.eu\\\/wp-content\\\/uploads\\\/2021\\\/01\\\/paticka.jpg&quot;}],&quot;background_slideshow_loop&quot;:&quot;yes&quot;,&quot;background_slideshow_slide_duration&quot;:5000,&quot;background_slideshow_slide_transition&quot;:&quot;fade&quot;,&quot;background_slideshow_transition_duration&quot;:500}\">\n\t\t\t\t\t\t\t<div class=\"elementor-background-overlay\"><\/div>\n\t\t\t\t\t\t\t<div class=\"elementor-container elementor-column-gap-default\">\n\t\t\t\t\t\t\t<div class=\"elementor-row\">\n\t\t\t\t\t<div class=\"elementor-column elementor-col-100 elementor-top-column elementor-element elementor-element-623c9cdf\" data-id=\"623c9cdf\" data-element_type=\"column\">\n\t\t\t<div class=\"elementor-column-wrap elementor-element-populated\">\n\t\t\t\t\t\t\t<div class=\"elementor-widget-wrap\">\n\t\t\t\t\t\t<div class=\"elementor-element elementor-element-f70ffa3 elementor-widget elementor-widget-heading\" data-id=\"f70ffa3\" data-element_type=\"widget\" data-widget_type=\"heading.default\">\n\t\t\t\t<div class=\"elementor-widget-container\">\n\t\t\t<h2 class=\"elementor-heading-title elementor-size-default\">MENU<\/h2>\t\t<\/div>\n\t\t\t\t<\/div>\n\t\t\t\t<div class=\"elementor-element elementor-element-5dac3c28 elementor-nav-menu--indicator-classic elementor-nav-menu__text-align-aside elementor-widget elementor-widget-nav-menu\" data-id=\"5dac3c28\" data-element_type=\"widget\" data-settings=\"{&quot;layout&quot;:&quot;dropdown&quot;}\" data-widget_type=\"nav-menu.default\">\n\t\t\t\t<div class=\"elementor-widget-container\">\n\t\t\t\t\t<div class=\"elementor-menu-toggle\" role=\"button\" tabindex=\"0\" aria-label=\"Menu Toggle\" aria-expanded=\"false\">\n\t\t\t<i class=\"eicon-menu-bar\" aria-hidden=\"true\"><\/i>\n\t\t\t<span class=\"elementor-screen-only\">Menu<\/span>\n\t\t<\/div>\n\t\t\t<nav class=\"elementor-nav-menu--dropdown elementor-nav-menu__container\" role=\"navigation\" aria-hidden=\"true\"><ul id=\"menu-2-5dac3c28\" class=\"elementor-nav-menu\"><li class=\"menu-item menu-item-type-post_type menu-item-object-page menu-item-home menu-item-476\"><a href=\"https:\/\/valinor.eu\/\" class=\"elementor-item\">Home<\/a><\/li>\n<li class=\"menu-item menu-item-type-post_type menu-item-object-page menu-item-958\"><a href=\"https:\/\/valinor.eu\/?page_id=951\" class=\"elementor-item\">O n\u00e1s<\/a><\/li>\n<li class=\"menu-item menu-item-type-post_type menu-item-object-page menu-item-has-children menu-item-691\"><a href=\"https:\/\/valinor.eu\/?page_id=689\" class=\"elementor-item\">Sortiment vyrobk\u016f<\/a>\n<ul class=\"sub-menu elementor-nav-menu--dropdown\">\n\t<li class=\"menu-item menu-item-type-post_type menu-item-object-page menu-item-477\"><a href=\"https:\/\/valinor.eu\/?page_id=456\" class=\"elementor-sub-item\">Dezinfek\u010dn\u00ed p\u0159\u00edpravky pro profesion\u00e1ln\u00ed pou\u017eit\u00ed\u200b<\/a><\/li>\n\t<li class=\"menu-item menu-item-type-post_type menu-item-object-page menu-item-608\"><a href=\"https:\/\/valinor.eu\/?page_id=602\" class=\"elementor-sub-item\">Sortiment opera\u010dn\u00edho kryt\u00ed\u200b<\/a><\/li>\n\t<li class=\"menu-item menu-item-type-post_type menu-item-object-page menu-item-664\"><a href=\"https:\/\/valinor.eu\/?page_id=650\" class=\"elementor-sub-item\">P\u0159\u00edpravky pro profesion\u00e1ln\u00ed \u00faklid a hygienu<\/a><\/li>\n\t<li class=\"menu-item menu-item-type-post_type menu-item-object-page menu-item-667\"><a href=\"https:\/\/valinor.eu\/?page_id=665\" class=\"elementor-sub-item\">P\u0159\u00edpravky pro stravovac\u00ed a pr\u00e1delensk\u00e9 provozy<\/a><\/li>\n\t<li class=\"menu-item menu-item-type-post_type menu-item-object-page menu-item-716\"><a href=\"https:\/\/valinor.eu\/?page_id=714\" class=\"elementor-sub-item\">Aplik\u00e1tory a d\u00e1vkova\u010de p\u0159\u00edpravk\u016f<\/a><\/li>\n\t<li class=\"menu-item menu-item-type-post_type menu-item-object-page menu-item-679\"><a href=\"https:\/\/valinor.eu\/?page_id=676\" class=\"elementor-sub-item\">Manipula\u010dn\u00ed pom\u016fcky a \u00faklidov\u00e9 stroje<\/a><\/li>\n<\/ul>\n<\/li>\n<li class=\"menu-item menu-item-type-post_type menu-item-object-page menu-item-747\"><a href=\"https:\/\/valinor.eu\/?page_id=745\" class=\"elementor-item\">Sortiment slu\u017eeb<\/a><\/li>\n<li class=\"menu-item menu-item-type-post_type menu-item-object-page menu-item-768\"><a href=\"https:\/\/valinor.eu\/?page_id=766\" class=\"elementor-item\">Katalogy<\/a><\/li>\n<li class=\"menu-item menu-item-type-custom menu-item-object-custom menu-item-843\"><a href=\"http:\/\/valinor.eu\/domains\/valinor.eu\/#kontakt\" class=\"elementor-item elementor-item-anchor\">Kontakt<\/a><\/li>\n<\/ul><\/nav>\n\t\t\t\t<\/div>\n\t\t\t\t<\/div>\n\t\t\t\t<div class=\"elementor-element elementor-element-1e978abd elementor-widget elementor-widget-heading\" data-id=\"1e978abd\" data-element_type=\"widget\" data-widget_type=\"heading.default\">\n\t\t\t\t<div class=\"elementor-widget-container\">\n\t\t\t<h2 class=\"elementor-heading-title elementor-size-default\">Copyright \u00a9 2021 Valinor, v.o.s. \/ Elfo, s.r.o.<\/h2>\t\t<\/div>\n\t\t\t\t<\/div>\n\t\t\t\t\t\t<\/div>\n\t\t\t\t\t<\/div>\n\t\t<\/div>\n\t\t\t\t\t\t\t\t<\/div>\n\t\t\t\t\t<\/div>\n\t\t<\/section>\n\t\t\t\t\t\t<\/div>\n\t\t\t\t\t\t<\/div>\n\t\t\t\t\t<\/div>\n\t\t","protected":false},"excerpt":{"rendered":"<p>Manipula\u010dn\u00ed pom\u016fcky a \u00faklidov\u00e9 stroje Pro profesion\u00e1ln\u00ed dezinfekci a \u00faklid m\u00e1me k dispozici \u0159adu \u00faklidov\u00fdch voz\u00edk\u016f, manipula\u010dn\u00edch pom\u016fcek a sofistikovan\u00e9 \u00faklidov\u00e9 syst\u00e9my. Mopov\u00fd syst\u00e9m Healthcare firmy Ecolab je velice zda\u0159il\u00fdm produktem a m\u00e1me jej ve standardn\u00ed nab\u00eddce. Pro dopln\u011bn\u00ed sortimentu spolupracujeme s dodavatelem \u00faklidov\u00fdch stroj\u016f, kter\u00fd n\u00e1m umo\u017e\u0148uje zajistit komplexn\u00ed dod\u00e1vky, podle po\u017eadavk\u016f z\u00e1kazn\u00edka, v\u010detn\u011b [&hellip;]<\/p>\n","protected":false},"author":1,"featured_media":0,"parent":0,"menu_order":0,"comment_status":"closed","ping_status":"closed","template":"","meta":{"footnotes":""},"class_list":["post-676","page","type-page","status-publish","hentry"],"_links":{"self":[{"href":"https:\/\/valinor.eu\/index.php?rest_route=\/wp\/v2\/pages\/676","targetHints":{"allow":["GET"]}}],"collection":[{"href":"https:\/\/valinor.eu\/index.php?rest_route=\/wp\/v2\/pages"}],"about":[{"href":"https:\/\/valinor.eu\/index.php?rest_route=\/wp\/v2\/types\/page"}],"author":[{"embeddable":true,"href":"https:\/\/valinor.eu\/index.php?rest_route=\/wp\/v2\/users\/1"}],"replies":[{"embeddable":true,"href":"https:\/\/valinor.eu\/index.php?rest_route=%2Fwp%2Fv2%2Fcomments&post=676"}],"version-history":[{"count":24,"href":"https:\/\/valinor.eu\/index.php?rest_route=\/wp\/v2\/pages\/676\/revisions"}],"predecessor-version":[{"id":1265,"href":"https:\/\/valinor.eu\/index.php?rest_route=\/wp\/v2\/pages\/676\/revisions\/1265"}],"wp:attachment":[{"href":"https:\/\/valinor.eu\/index.php?rest_route=%2Fwp%2Fv2%2Fmedia&parent=676"}],"curies":[{"name":"wp","href":"https:\/\/api.w.org\/{rel}","templated":true}]}}